{"id":15,"date":"2010-01-28T20:04:00","date_gmt":"2010-01-28T17:04:00","guid":{"rendered":"http:\/\/paragliding.hellasbyfoot.com\/?page_id=15"},"modified":"2024-06-13T10:10:47","modified_gmt":"2024-06-13T07:10:47","slug":"services","status":"publish","type":"page","link":"https:\/\/paragliding.olympicwings.com\/de\/services\/","title":{"rendered":"Urlaubsleistungen"},"content":{"rendered":"<p><\/p>\n<p>ngg_shortcode_16_placeholder <strong><a name=\"Anfang\"><\/a>Olympic Wings ist ein lizensierter Reiseveranstalter<\/strong> und bietet verschiedene touristische Reiseleistungen an. F\u00fcr Euren Gleitschirmurlaub, Flugsafari oder Gleitschirmkurs kombinieren wir diese zu einem kompletten Paket, individuell gestaltet und auf Eure W\u00fcnsche abgestimmt. <br class=\"spacer_\"><br \/>\n<strong>Unsere jahrelange Erfahrung<\/strong> im Organisieren und Durchf\u00fchren von Gleitschirmurlaub gibt uns die M\u00f6glichkeit, Euch eine tolle Kombination von Unterk\u00fcnften, Transfers und professionell betreutem Gleitschirmfliegen anzubieten. Ihr k\u00f6nnt entspannt Euren Urlaub genie\u00dfen und Euch ganz aufs Fliegen konzentrieren. <br class=\"spacer_\"><br \/>\n<strong>Wenn Ihr mit Nichtfliegern reist<\/strong> gibt es hier viel Interessantes zu tun und zu erleben. Wir organisieren gerne f\u00fcr Euch einen Verl\u00e4ngerungsaufenthalt in anderen Gegenden Griechenlands, Mietwagen, verschiedene Outdoor Aktivit\u00e4ten, Besichtigungstouren und gef\u00fchrte Ausfl\u00fcge zu historischen St\u00e4tten. <br class=\"spacer_\"><br \/>\n<br class=\"spacer_\">\n<\/p>\n<ul>\n<li><a title=\"Gleitschirmpaket\" href=\"#Gleitschirmpacket\">Gleitschirmpaket<\/a><\/li>\n<li><a title=\"Unterk\u00fcnfte\" href=\"#Unterk\u00fcnfte\">Unterk\u00fcnfte<\/a><\/li>\n<li><a title=\"Transfer\" href=\"#transfer\">Transfer<\/a><\/li>\n<li><a title=\"Ausfl\u00fcge\" href=\"#Ausfl\u00fcge\">Besichtigungen &amp; Ausfl\u00fcge<\/a><\/li>\n<li><a title=\"Outdoor Aktivit\u00e4ten\" href=\"#Aktivit\u00e4ten\">Andere Aktivit\u00e4ten<\/a><\/li>\n<\/ul>\n<p>&nbsp;<\/p>\n<h4><a name=\"Gleitschirmpacket\"><\/a>Gleitschirmpaket<\/h4>\n<p><strong>Unser <a href=\"https:\/\/paragliding.olympicwings.com\/de\/paragliding-holidays\/\">Gleitschirmurlaub<\/a> und <a href=\"https:\/\/paragliding.olympicwings.com\/de\/flying-tours\/\">Flugrundreisen<\/a> beinhalten die folgenden Leistungen:<\/strong> ngg_shortcode_17_placeholder <br class=\"spacer_\"><br \/>\n<br class=\"spacer_\">\n<\/p>\n<ul>\n<li>Unterkunft mit Fr\u00fchst\u00fcck<\/li>\n<li>Transfers zu \/ von Start- und Landepl\u00e4tzen<\/li>\n<li>professionell betreutes Gleitschirmfliegen mit&nbsp;Fluggebietseinf\u00fchrung und Wetterinformationen<\/li>\n<li>Flughafentransfer (auf Anfrage)<\/li>\n<\/ul>\n<p style=\"text-align: right;\">&nbsp;<\/p>\n<p>&nbsp;<\/p>\n<h4><a name=\"Unterk\u00fcnfte\"><\/a>Unterk\u00fcnfte<\/h4>\n<p>ngg_shortcode_18_placeholder Wir bieten f\u00fcr Euren <strong>Gleitschirmurlaub<\/strong> eine Auswahl an <strong>gem\u00fctlichen, familiengef\u00fchrten Hotels und behaglichen G\u00e4steh\u00e4usern<\/strong> an, alle mit ausgezeichnetem und freundlichem Service. Es gibt ein <strong>reichhaltiges Fr\u00fchst\u00fcck<\/strong> aus einheimischen und frischen griechischen Produkten und die meisten servieren <strong>typische Griechische Gerichte<\/strong> zum Abendessen. <br class=\"spacer_\"><br \/>\nDie <strong>Hotels<\/strong> liegen an den <strong>langen Sandstr\u00e4nden der Olympischen Riviera<\/strong>, so dass Du nach dem Fliegen schwimmen gehen kannst. <br class=\"spacer_\"><br \/>\nNach einem Flug von der Kleinen Kirche, dem n\u00e4chstgelegenen Startplatz oder einem erfolgreichen Streckenflug landest Du auf unserem <strong>Hauptlandeplatz am Strand <\/strong>direkt vor dem Hotel. <br class=\"spacer_\"><br \/>\nDie <strong>traditionellen G\u00e4steh\u00e4user<\/strong> liegen im <strong>historischen Bergdorf Paleos Panteleimonas<\/strong>, unterhalb des n\u00e4chsten Startplatzes mit Blick auf den Strand, wo wir landen. Die Zimmer sind sorgf\u00e4ltig im <strong>traditionellen Stil<\/strong> eingerichtet und sind neben der Zentralheizung auch mit einem offenen Kaminfeuer ausgestattet. Die Aussicht vom Olymp bis zum \u00c4g\u00e4ischen Meer wird Dich beeindrucken. <br class=\"spacer_\"><br \/>\nngg_shortcode_19_placeholder <br class=\"spacer_\"><br \/>\nFalls Du Deinen <strong>Urlaub in Griechenland verl\u00e4ngern<\/strong> und andere Regionen erkunden m\u00f6chtest, k\u00f6nnen wir gerne <strong>Unterk\u00fcnfte in verschiedenen Gegenden Griechenlands<\/strong> anbieten. <br class=\"spacer_\"><br \/>\nWeitere Informationen und Unterk\u00fcnfte kannst Du hier finden: <a href=\"http:\/\/www.olympicwings.com\/de\/accommodation\" target=\"_blank\" rel=\"noopener noreferrer\">Olympic Wings &#8211; Unterk\u00fcnfte<\/a><\/p>\n<p style=\"text-align: right;\"><a title=\"Seitenanfang\" href=\"#Anfang\">Seitenanfang<\/a><\/p>\n<p>&nbsp;<\/p>\n<h4><a name=\"transfer\"><\/a>Transfer<\/h4>\n<p>ngg_shortcode_20_placeholder <strong>F\u00fcr alle notwendigen Transfers <\/strong>w\u00e4hrend Eurem Gleitschirmurlaub k\u00f6nnen wir Euch verschiedene Typen von Fahrzeuge vermieten. Wir bieten Autos in unterschiedlichen Kategorien und Minibusse mit insgesamt 9 Sitzen an. <br class=\"spacer_\"><br \/>\n<strong>Der Mietwagen<\/strong> wird Euch am Flughafen bei Ankunft \u00fcbergeben und Ihr k\u00f6nnt damit direkt ins Hotel fahren. W\u00e4hrend der Flugtage f\u00e4hrt der Flugguide Euren Mietwagen, der Wagen steht Euch auch nach dem Fliegen zur Verf\u00fcgung, so dass Ihr die Gegend erkundigen oder verschiedene Tavernen zum Abendessen ausw\u00e4hlen k\u00f6nnt. <br class=\"spacer_\"><br \/>\nWeitere Informationen und unsere Mietwagenbedingungen findest Du hier: <a href=\"http:\/\/www.olympicwings.com\/de\/transfer\" target=\"_blank\" rel=\"noopener noreferrer\">Olympic Wings &#8211; Transfer<\/a><\/p>\n<p style=\"text-align: right;\"><a title=\"Seitenanfang\" href=\"#Anfang\">Seitenanfang<\/a><\/p>\n<p>&nbsp;<\/p>\n<h4><a name=\"Ausfl\u00fcge\"><\/a>Besichtigungen &amp; Ausfl\u00fcge<\/h4>\n<p>ngg_shortcode_21_placeholder <strong>Der Olymp<\/strong> ist ber\u00fchmt als der Sitz der Griechischen G\u00f6tter und deren Mythologie, allerdings ist er auch ein zentraler Ausgangspunkt f\u00fcr Besichtigungen und Ausfl\u00fcge zu den meisten wichtigen, historischen St\u00e4tten Nordgriechenlands. <br class=\"spacer_\"><br \/>\n<strong>Nutze die Gelegenheit und entdecke <\/strong>die einmalige Natur und Landschaften, traditionelle Bergd\u00f6rfer, das Griechische Leben und Kultur und besuche die arch\u00e4ologischen St\u00e4tten, Museen, Kirchen und Kl\u00f6ster. <br class=\"spacer_\"><br \/>\nWir k\u00f6nnen <strong>gef\u00fchrte Tagesausfl\u00fcge<\/strong> und Exkursionen mit einem professionellen Reiseleiter organisieren oder Ihr k\u00f6nnt einen <strong>Mietwagen<\/strong> \u00fcber uns buchen und die Gegend im eigenen Tempo erkunden.<\/p>\n<h5>Interessante Orte in der N\u00e4he des Olymps:<\/h5>\n<ul>\n<li>Burg von Platamonas<\/li>\n<li>Die traditionellen Bergd\u00f6rfer\n<ul>\n<li>Paleos Panteleimonas<\/li>\n<li>Paleos Porus<\/li>\n<li>Rapsani \u2013 ber\u00fchmt f\u00fcr seinen Wein<\/li>\n<li>Ambelakia \u2013 historisches Dorf der Baumwollf\u00e4rber, imposante Herrenh\u00e4user, Heimatkundemuseum<\/li>\n<\/ul>\n<\/li>\n<li>Dion \u2013 historische St\u00e4tte und Museum am Fuss des Olymp, Ort der ersten antiken Olympischen Spiele<\/li>\n<li>Tembi Tal mit Wallfahrtskirche Agia Paraskevi<\/li>\n<li>Meteora Kl\u00f6ster<\/li>\n<li>Vergina<\/li>\n<li>Thessaloniki<\/li>\n<li>Berg Athos Bootsfahrt<\/li>\n<\/ul>\n<p><br class=\"spacer_\"><br \/>\n<br class=\"spacer_\"><br \/>\nngg_shortcode_22_placeholder <br class=\"spacer_\"><br \/>\nWeitere Information \u00fcber Ausfl\u00fcge in anderen Regionen Griechenlands findest Du hier: <a href=\"https:\/\/www.olympicwings.com\/de\/home\/news\" target=\"_blank\" rel=\"noopener noreferrer\">Olympic Wings &#8211; Besichtigungen &amp; Ausfl\u00fcge<\/a><\/p>\n<p style=\"text-align: right;\">&nbsp;<\/p>\n<p style=\"text-align: right;\"><a title=\"Seitenanfang\" href=\"#Anfang\">Seitenanfang<\/a><\/p>\n<p><br class=\"spacer_\"><br \/>\n<br class=\"spacer_\">\n<\/p>\n<h4><a name=\"Aktivit\u00e4ten\"><\/a>Andere Aktivit\u00e4ten<\/h4>\n<p>Hier findest Du eine <strong>Auswahl an Outdoor Aktivit\u00e4ten<\/strong>, die Du w\u00e4hrend Deinem Gleitschirmurlaub ausprobieren kannst: ngg_shortcode_23_placeholder<\/p>\n<ul>\n<li>Gleitschirm-Tandemflug<\/li>\n<li>Wandern<\/li>\n<li>Trekking \/ Bergsteigen<\/li>\n<li>Mountain Biking<\/li>\n<li>Tour Biking<\/li>\n<li>Tauchen<\/li>\n<li>Kanufahren<\/li>\n<li>Canyoning<\/li>\n<\/ul>\n<p>&nbsp;<\/p>\n<h5 style=\"text-align: center;\">Entdecke den Olymp auf einen andere Art!<\/h5>\n<p>Weitere Informationen \u00fcber Aktivit\u00e4ten am Olymp findest Du hier: <a href=\"http:\/\/www.olympicwings.com\/de\/special-holidays\/activities\">Olympic Wings &#8211; Outdoor Aktivit\u00e4ten<\/a><\/p>\n<p style=\"text-align: right;\"><a title=\"Seitenanfang\" href=\"#Anfang\">Seitenanfang<\/a><\/p>\n<p><\/p>","protected":false},"excerpt":{"rendered":"<p>Olympic Wings ist ein lizensierter Reiseveranstalter und bietet verschiedene touristische Reiseleistungen an. F\u00fcr Euren Gleitschirmurlaub, Flugsafari oder Gleitschirmkurs kombinieren wir diese zu einem kompletten Paket, individuell gestaltet und auf Eure W\u00fcnsche abgestimmt. Unsere jahrelange Erfahrung im Organisieren und Durchf\u00fchren von Gleitschirmurlaub gibt uns die M\u00f6glichkeit, Euch eine tolle Kombination von Unterk\u00fcnften, Transfers und professionell betreutem [&hellip;]<\/p>\n","protected":false},"author":9,"featured_media":0,"parent":0,"menu_order":4,"comment_status":"closed","ping_status":"closed","template":"","meta":{"ngg_post_thumbnail":0,"footnotes":""},"class_list":["post-15","page","type-page","status-publish","hentry"],"yoast_head":"<!-- This site is optimized with the Yoast SEO plugin v27.3 - https:\/\/yoast.com\/product\/yoast-seo-wordpress\/ -->\n<title>Urlaubsleistungen - Paragliding Greece<\/title>\n<meta name=\"robots\" content=\"index, follow, max-snippet:-1, max-image-preview:large, max-video-preview:-1\" \/>\n<link rel=\"canonical\" href=\"https:\/\/paragliding.olympicwings.com\/services\/\" \/>\n<meta property=\"og:locale\" content=\"de_DE\" \/>\n<meta property=\"og:type\" content=\"article\" \/>\n<meta property=\"og:title\" content=\"Urlaubsleistungen - Paragliding Greece\" \/>\n<meta property=\"og:description\" content=\"Olympic Wings ist ein lizensierter Reiseveranstalter und bietet verschiedene touristische Reiseleistungen an. F\u00fcr Euren Gleitschirmurlaub, Flugsafari oder Gleitschirmkurs kombinieren wir diese zu einem kompletten Paket, individuell gestaltet und auf Eure W\u00fcnsche abgestimmt. Unsere jahrelange Erfahrung im Organisieren und Durchf\u00fchren von Gleitschirmurlaub gibt uns die M\u00f6glichkeit, Euch eine tolle Kombination von Unterk\u00fcnften, Transfers und professionell betreutem [&hellip;]\" \/>\n<meta property=\"og:url\" content=\"https:\/\/paragliding.olympicwings.com\/services\/\" \/>\n<meta property=\"og:site_name\" content=\"Paragliding Greece\" \/>\n<meta property=\"article:publisher\" content=\"http:\/\/www.facebook.com\/olympicwingsparaglidingingreece\" \/>\n<meta property=\"article:modified_time\" content=\"2024-06-13T07:10:47+00:00\" \/>\n<meta name=\"twitter:card\" content=\"summary_large_image\" \/>\n<meta name=\"twitter:label1\" content=\"Gesch\u00e4tzte Lesezeit\" \/>\n\t<meta name=\"twitter:data1\" content=\"4\u00a0Minuten\" \/>\n<script type=\"application\/ld+json\" class=\"yoast-schema-graph\">{\"@context\":\"https:\\\/\\\/schema.org\",\"@graph\":[{\"@type\":\"WebPage\",\"@id\":\"https:\\\/\\\/paragliding.olympicwings.com\\\/services\\\/\",\"url\":\"https:\\\/\\\/paragliding.olympicwings.com\\\/services\\\/\",\"name\":\"Urlaubsleistungen - Paragliding Greece\",\"isPartOf\":{\"@id\":\"https:\\\/\\\/paragliding.olympicwings.com\\\/#website\"},\"datePublished\":\"2010-01-28T17:04:00+00:00\",\"dateModified\":\"2024-06-13T07:10:47+00:00\",\"breadcrumb\":{\"@id\":\"https:\\\/\\\/paragliding.olympicwings.com\\\/services\\\/#breadcrumb\"},\"inLanguage\":\"de\",\"potentialAction\":[{\"@type\":\"ReadAction\",\"target\":[\"https:\\\/\\\/paragliding.olympicwings.com\\\/services\\\/\"]}]},{\"@type\":\"BreadcrumbList\",\"@id\":\"https:\\\/\\\/paragliding.olympicwings.com\\\/services\\\/#breadcrumb\",\"itemListElement\":[{\"@type\":\"ListItem\",\"position\":1,\"name\":\"Home\",\"item\":\"https:\\\/\\\/paragliding.olympicwings.com\\\/\"},{\"@type\":\"ListItem\",\"position\":2,\"name\":\"Holiday Services\"}]},{\"@type\":\"WebSite\",\"@id\":\"https:\\\/\\\/paragliding.olympicwings.com\\\/#website\",\"url\":\"https:\\\/\\\/paragliding.olympicwings.com\\\/\",\"name\":\"Paragliding Greece\",\"description\":\"Gleitschirmurlaub &amp; Seminare &amp; Tandemfl\u00fcge\",\"potentialAction\":[{\"@type\":\"SearchAction\",\"target\":{\"@type\":\"EntryPoint\",\"urlTemplate\":\"https:\\\/\\\/paragliding.olympicwings.com\\\/?s={search_term_string}\"},\"query-input\":{\"@type\":\"PropertyValueSpecification\",\"valueRequired\":true,\"valueName\":\"search_term_string\"}}],\"inLanguage\":\"de\"}]}<\/script>\n<!-- \/ Yoast SEO plugin. -->","yoast_head_json":{"title":"Urlaubsleistungen - Paragliding Greece","robots":{"index":"index","follow":"follow","max-snippet":"max-snippet:-1","max-image-preview":"max-image-preview:large","max-video-preview":"max-video-preview:-1"},"canonical":"https:\/\/paragliding.olympicwings.com\/services\/","og_locale":"de_DE","og_type":"article","og_title":"Urlaubsleistungen - Paragliding Greece","og_description":"Olympic Wings ist ein lizensierter Reiseveranstalter und bietet verschiedene touristische Reiseleistungen an. F\u00fcr Euren Gleitschirmurlaub, Flugsafari oder Gleitschirmkurs kombinieren wir diese zu einem kompletten Paket, individuell gestaltet und auf Eure W\u00fcnsche abgestimmt. Unsere jahrelange Erfahrung im Organisieren und Durchf\u00fchren von Gleitschirmurlaub gibt uns die M\u00f6glichkeit, Euch eine tolle Kombination von Unterk\u00fcnften, Transfers und professionell betreutem [&hellip;]","og_url":"https:\/\/paragliding.olympicwings.com\/services\/","og_site_name":"Paragliding Greece","article_publisher":"http:\/\/www.facebook.com\/olympicwingsparaglidingingreece","article_modified_time":"2024-06-13T07:10:47+00:00","twitter_card":"summary_large_image","twitter_misc":{"Gesch\u00e4tzte Lesezeit":"4\u00a0Minuten"},"schema":{"@context":"https:\/\/schema.org","@graph":[{"@type":"WebPage","@id":"https:\/\/paragliding.olympicwings.com\/services\/","url":"https:\/\/paragliding.olympicwings.com\/services\/","name":"Urlaubsleistungen - Paragliding Greece","isPartOf":{"@id":"https:\/\/paragliding.olympicwings.com\/#website"},"datePublished":"2010-01-28T17:04:00+00:00","dateModified":"2024-06-13T07:10:47+00:00","breadcrumb":{"@id":"https:\/\/paragliding.olympicwings.com\/services\/#breadcrumb"},"inLanguage":"de","potentialAction":[{"@type":"ReadAction","target":["https:\/\/paragliding.olympicwings.com\/services\/"]}]},{"@type":"BreadcrumbList","@id":"https:\/\/paragliding.olympicwings.com\/services\/#breadcrumb","itemListElement":[{"@type":"ListItem","position":1,"name":"Home","item":"https:\/\/paragliding.olympicwings.com\/"},{"@type":"ListItem","position":2,"name":"Holiday Services"}]},{"@type":"WebSite","@id":"https:\/\/paragliding.olympicwings.com\/#website","url":"https:\/\/paragliding.olympicwings.com\/","name":"Paragliding Greece","description":"Gleitschirmurlaub &amp; Seminare &amp; Tandemfl\u00fcge","potentialAction":[{"@type":"SearchAction","target":{"@type":"EntryPoint","urlTemplate":"https:\/\/paragliding.olympicwings.com\/?s={search_term_string}"},"query-input":{"@type":"PropertyValueSpecification","valueRequired":true,"valueName":"search_term_string"}}],"inLanguage":"de"}]}},"_links":{"self":[{"href":"https:\/\/paragliding.olympicwings.com\/de\/wp-json\/wp\/v2\/pages\/15","targetHints":{"allow":["GET"]}}],"collection":[{"href":"https:\/\/paragliding.olympicwings.com\/de\/wp-json\/wp\/v2\/pages"}],"about":[{"href":"https:\/\/paragliding.olympicwings.com\/de\/wp-json\/wp\/v2\/types\/page"}],"author":[{"embeddable":true,"href":"https:\/\/paragliding.olympicwings.com\/de\/wp-json\/wp\/v2\/users\/9"}],"replies":[{"embeddable":true,"href":"https:\/\/paragliding.olympicwings.com\/de\/wp-json\/wp\/v2\/comments?post=15"}],"version-history":[{"count":6,"href":"https:\/\/paragliding.olympicwings.com\/de\/wp-json\/wp\/v2\/pages\/15\/revisions"}],"predecessor-version":[{"id":45237,"href":"https:\/\/paragliding.olympicwings.com\/de\/wp-json\/wp\/v2\/pages\/15\/revisions\/45237"}],"wp:attachment":[{"href":"https:\/\/paragliding.olympicwings.com\/de\/wp-json\/wp\/v2\/media?parent=15"}],"curies":[{"name":"wp","href":"https:\/\/api.w.org\/{rel}","templated":true}]}}