{"id":3989,"date":"2014-11-26T10:58:50","date_gmt":"2014-11-26T07:58:50","guid":{"rendered":"http:\/\/paragliding.olympicwings.com\/?page_id=3989"},"modified":"2026-02-28T19:39:41","modified_gmt":"2026-02-28T16:39:41","slug":"paragliding-holidays","status":"publish","type":"page","link":"https:\/\/paragliding.olympicwings.com\/de\/paragliding-holidays\/","title":{"rendered":"Fly Olympus"},"content":{"rendered":"<p><\/p>\n<h5 style=\"text-align: center;\"><strong>09.05. &#8211; 16.05. &amp; 06.06. &#8211; 13.06.2026<br \/>\n<\/strong><strong>10.09. &#8211; 17.09. &amp; 04<\/strong><strong>.10. &#8211; 11.10.2026<\/strong><\/h5>\nngg_shortcode_20_placeholder\n<h4>Gleitschirmurlaub am Olymp<\/h4>\n<p><strong>Das Spezialgebiet von Olympic Wings<\/strong> ist das Organisieren von Gleitschirmurlaub f\u00fcr Piloten mit deren Familien und Freunde in verschiedenen Regionen Griechenlands, die einige der besten Fluggebiete Europas bieten. <br class=\"spacer_\"><br \/>\n<strong>Unser kleines internationales Team<\/strong> verf\u00fcgt \u00fcber extensive \u00f6rtliche Kenntnisse und hat jahrelange Erfahrung im Organisieren von Gleitschirmurlaub f\u00fcr Piloten, Flugschulen und Vereinen aus ganz Europa. <br class=\"spacer_\"><br \/>\nIhr werdet das Fliegen in diesen wundersch\u00f6nen Gegend hier geniessen, w\u00e4hrend wir f\u00fcr einen <strong>hohen Standard an Sicherheit und Service<\/strong> sorgen.<\/p>\n<h4>Fliegen mit Olympic Wings<\/h4>\n<p>ngg_shortcode_21_placeholder Mit uns zu Fliegen hei\u00dft nicht nur, dass wir f\u00fcr Euch die Organisation Eures Gleitschirmurlaubes \u00fcbernehmen. <strong>T\u00e4gliche Wetter- und Fluggebietsbesprechungen<\/strong> stellen sicher, dass eure Fl\u00fcge ein besonderes Erlebnis sind.<\/p>\n<p>&nbsp;<\/p>\n<p><strong>Stelios, der Gr\u00fcnder von Olympic Wings<\/strong> ist ein qualifizierter und zertifizierter FAI Gleitschirmlehrer mit langj\u00e4hriger Erfahrung als Wettkampfpilot. Er ist weithin bekannt f\u00fcr seine besonderen Kenntnisse der lokalen Klima- und Flugbedingungen.<\/p>\n<p>&nbsp;<\/p>\n<p>Wir legen sehr viel Wert auf <strong>Sicherheit <\/strong>und machen deshalb <strong>Ausr\u00fcstungschecks <\/strong>f\u00fcr alle unsere Piloten. Auch helfen wir gerne jedem Piloten, seine <strong>Start-, Flug- und Landetechnik<\/strong> zu verbessern.<\/p>\n<p>&nbsp;<\/p>\n<p>Unsere Philosophie ist es, daf\u00fcr zu sorgen, dass Euer Gleitschirmurlaub zum vollen Erfolg wird.<\/p>\n<p>&nbsp;<\/p>\n<p style=\"text-align: center;\"><strong>Wir wollen, dass unsere Piloten HOCH und SICHER FLIEGEN und immer SANFT LANDEN !<\/strong><\/p>\n<p>&nbsp;<\/p>\n<p>&nbsp;<\/p>\n<h4>Fluggebiete am Olymp<\/h4>\n<p>ngg_shortcode_22_placeholder<br \/>\n<strong>Unsere Fluggebiete<\/strong> erstrecken sich \u00fcber die drei Gebirgsmassive <strong>Pieria im Norden, Olymp und Ossa \/ Kissavos im S\u00fcden<\/strong>. Sie bilden eine lange Gebirgskette, die sich entlang der K\u00fcste des \u00c4g\u00e4ischen Meers erstreckt &#8211; imposante T\u00e4ler trennen die einzelnen Gebirge voneinander. Der <strong>Olymp <\/strong>ist mit dem Gipfel Mytikas (2.918 m) das <strong>h\u00f6chste Gebirge Griechenlands<\/strong> und der ber\u00fchmte Sitz der Griechischen G\u00f6tter. Die Region weisst zwei sehr unterschiedliche Landschaften auf: Die sanften und gr\u00fcnen <strong>H\u00e4nge im Norden<\/strong> und die <strong>trockene S\u00fcdseite<\/strong>.<\/p>\n<p>&nbsp;<\/p>\n<p><strong>Erfahrene Piloten<\/strong> werden die fantastischen <strong>Thermik- und Streckenflugm\u00f6glichkeiten<\/strong> des S\u00fcdens zu sch\u00e4tzen wissen. <strong>Weniger erfahrene Piloten<\/strong> k\u00f6nnen <strong>dynamisches Soaren<\/strong> an den Nordh\u00e4ngen genie\u00dfen. Die sanften Verh\u00e4ltnisse im Norden sind auch ideal f\u00fcr <strong>Thermikeinsteiger<\/strong>. Egal wie viel Flugerfahrung Ihr habt, wir haben die M\u00f6glichkeit, diese mit einem unserer Fluggebiete und den lokalen Wetterbedingungen abzustimmen, so dass Ihr alle gen\u00fcsslich Fliegen k\u00f6nnt.<\/p>\n<p>&nbsp;<\/p>\n<p>Mit Bedacht haben wir <strong>8 verschiedene Flugberge mit 15 unterschiedlichen Startpl\u00e4tzen<\/strong> f\u00fcr alle Windrichtungen ausgesucht. Dadurch k\u00f6nnen wir je nach <strong>Windrichtung und den Wetterbedingungen<\/strong> t\u00e4glich die passenden Fluggebiete ausw\u00e4hlen.<\/p>\n<p>&nbsp;<\/p>\n<h5>Einige der wichtigsten Fluggebiete am Olymp sind:<\/h5>\nngg_shortcode_23_placeholder\n<p>&nbsp;<\/p>\n<h6>Profitis Ilias &#8211; Kleine Kirche &#8211; Panteleimonas:<\/h6>\n<ul>\n<li>leichter Startplatz mit wundersch\u00f6ner Aussicht auf den Olymp, die Burg und die K\u00fcste<\/li>\n<li>Fliegen zum Strand mit M\u00f6glichkeit zur Strandlandung<\/li>\n<li>N \/ 590 m<\/li>\n<\/ul>\n<p>&nbsp;<\/p>\n<p>&nbsp;<\/p>\n<p>&nbsp;<\/p>\n<p>&nbsp;<\/p>\nngg_shortcode_24_placeholder\n<p>&nbsp;<\/p>\n<h6>Litohoro &#8211; Olymp Hauptmassiv &#8211; Nordseite:<\/h6>\n<ul>\n<li>Blick zu den h\u00f6chsten Gipfeln des Olymps, in die Enipeas Schlucht und zum \u00c4g\u00e4ischen Meer<\/li>\n<li>sehr gut f\u00fcr technisches, Thermik- und Streckenfliegen geeignet<\/li>\n<li>Stavros: N \/ 950 m<\/li>\n<li>Litochoro: E \/ 550 m<\/li>\n<\/ul>\n<p>&nbsp;<\/p>\n<p>&nbsp;<\/p>\n<p>&nbsp;<\/p>\nngg_shortcode_25_placeholder\n<h6>Kalivia &#8211; Olymp Hauptmassiv &#8211; S\u00fcdseite:<\/h6>\n<ul>\n<li>Worldcup Wettbewerbsgebiet mit drei unterschiedlichen Startpl\u00e4tzen<\/li>\n<li>gute thermische und Streckenflugbedingungen ins Flachland, FAI-Dreiecke oder zur\u00fcck ans Meer<\/li>\n<li>Kalivia: W \/ S \/ E \/ 1250 m<\/li>\n<li>Skigebiet KEOACH: W \/ S \/ 1500 m<\/li>\n<li>Kriovrissi: W \/ N \/ 950 m<\/li>\n<\/ul>\n<p>&nbsp;<\/p>\n<p>&nbsp;<\/p>\n<p>&nbsp;<\/p>\nngg_shortcode_26_placeholder\n<h6>Kalipefki &#8211; Unterer Olymp:<\/h6>\n<ul>\n<li>Hochplateau, von Bergen umgeben<\/li>\n<li>ideal f\u00fcr Thermik- und Streckenflugtraining<\/li>\n<li>Kokkoraki: S \/ 1300 m<\/li>\n<li>Gkoudamani: E \/ 1200 m<\/li>\n<\/ul>\n<p>&nbsp;<\/p>\n<p>&nbsp;<\/p>\n<p>&nbsp;<\/p>\nngg_shortcode_27_placeholder\n<h6>Gonni &#8211; Unterer Olymp:<\/h6>\n<ul>\n<li>beeindruckende Sicht auf den Fluss Pinios, das Tembital und das Kissavosgebirge<\/li>\n<li>starke Thermikbedingungen mit grossartigen Streckenflugm\u00f6glichkeiten \u00fcber dem Thessalischen Flachland, dem gr\u00f6ssten Flachland Griechenlands<\/li>\n<li>S \/ 1100 m<\/li>\n<\/ul>\n<p>&nbsp;<\/p>\n<p>&nbsp;<\/p>\nngg_shortcode_28_placeholder\n<h6>Makrichori &#8211; Flachland von Larissa:<\/h6>\n<ul>\n<li>kleiner Berg zwischen Olymp und Kissavos<\/li>\n<li>starke Thermikbedingungen, bester Ausgangspunkt f\u00fcr lange Streckenfl\u00fcge \u00fcber das Flachland<\/li>\n<li>E \/ S \/ 700 m<\/li>\n<\/ul>\n<p>&nbsp;<\/p>\n<p>&nbsp;<\/p>\n<p>&nbsp;<\/p>\n<p>&nbsp;<\/p>\n<p>&nbsp;<\/p>\nngg_shortcode_29_placeholder\n<h6>Sikourio &#8211; Kissavosgebirge:<\/h6>\n<ul>\n<li>einfache Toplandings, gute Thermik- und Streckenflugm\u00f6glichkeiten<\/li>\n<li>W \/ 950 m<\/li>\n<\/ul>\n<p>&nbsp;<\/p>\n<p>&nbsp;<\/p>\n<p>&nbsp;<\/p>\n<p>&nbsp;<\/p>\n<p>&nbsp;<\/p>\n<p><iframe loading=\"lazy\" src=\"https:\/\/www.google.com\/maps\/d\/embed?mid=zcWN2rZ9I3Xs.kSgzvyQIQsxk&amp;hl=de\" width=\"640\" height=\"360\"><\/iframe><\/p>\n<p>&nbsp;<\/p>\n<p><\/p>","protected":false},"excerpt":{"rendered":"<p>09.05. &#8211; 16.05. &amp; 06.06. &#8211; 13.06.2026 10.09. &#8211; 17.09. &amp; 04.10. &#8211; 11.10.2026 Gleitschirmurlaub am Olymp Das Spezialgebiet von Olympic Wings ist das Organisieren von Gleitschirmurlaub f\u00fcr Piloten mit deren Familien und Freunde in verschiedenen Regionen Griechenlands, die einige der besten Fluggebiete Europas bieten. Unser kleines internationales Team verf\u00fcgt \u00fcber extensive \u00f6rtliche Kenntnisse und [&hellip;]<\/p>\n","protected":false},"author":9,"featured_media":0,"parent":0,"menu_order":2,"comment_status":"closed","ping_status":"closed","template":"","meta":{"ngg_post_thumbnail":0,"footnotes":""},"class_list":["post-3989","page","type-page","status-publish","hentry"],"yoast_head":"<!-- This site is optimized with the Yoast SEO plugin v27.3 - https:\/\/yoast.com\/product\/yoast-seo-wordpress\/ -->\n<title>Fly Olympus - Paragliding Greece<\/title>\n<meta name=\"description\" content=\"(English) Fly Olympus 31.05. \u2013 07.06.2025, 18.10. \u2013 25.10. &amp; 25.10. \u2013 01.11.2025. Olympic Wings is specialized in organizing flying holidays for paraglider pilots, also their family and friends. We fly across areas in Greece and sites at our home Mount Olympus that offer some of the \u2018Best Flying\u2019 in Europe. Flying with us doesn\u2019t only mean that we support the main services for your flying holiday. It means that on a daily basis we are with you. We do briefings on the days\u2019 flying locations and weather &amp; flight conditions.\" \/>\n<meta name=\"robots\" content=\"index, follow, max-snippet:-1, max-image-preview:large, max-video-preview:-1\" \/>\n<link rel=\"canonical\" href=\"https:\/\/paragliding.olympicwings.com\/paragliding-holidays\/\" \/>\n<meta property=\"og:locale\" content=\"de_DE\" \/>\n<meta property=\"og:type\" content=\"article\" \/>\n<meta property=\"og:title\" content=\"Paragliding Holidays at Mount Olympus\" \/>\n<meta property=\"og:description\" content=\"Fly Olympus 09.05. - 16.05. &amp; 06.06. - 13.06. &amp; 10.09. - 17.09. &amp; 04.10. - 11.10.2026 Olympic Wings is specialized in organizing flying holidays for paraglider pilots, also their family and friends. We fly across areas in Greece and sites at our home Mount Olympus that offer some of the \u2018Best Flying\u2019 in Europe. Flying with us doesn\u2019t only mean that we support the main services for your flying holiday. It means that on a daily basis we are with you. We do briefings on the days\u2019 flying locations and weather &amp; flight conditions\" \/>\n<meta property=\"og:url\" content=\"https:\/\/paragliding.olympicwings.com\/paragliding-holidays\/\" \/>\n<meta property=\"og:site_name\" content=\"Paragliding Greece\" \/>\n<meta property=\"article:publisher\" content=\"http:\/\/www.facebook.com\/olympicwingsparaglidingingreece\" \/>\n<meta property=\"article:modified_time\" content=\"2026-02-28T16:39:41+00:00\" \/>\n<meta property=\"og:image\" content=\"http:\/\/paragliding.olympicwings.com\/wp-content\/uploads\/2024\/07\/Fly-Olympus-03.jpg\" \/>\n\t<meta property=\"og:image:width\" content=\"960\" \/>\n\t<meta property=\"og:image:height\" content=\"720\" \/>\n\t<meta property=\"og:image:type\" content=\"image\/jpeg\" \/>\n<meta name=\"twitter:card\" content=\"summary_large_image\" \/>\n<meta name=\"twitter:label1\" content=\"Gesch\u00e4tzte Lesezeit\" \/>\n\t<meta name=\"twitter:data1\" content=\"4\u00a0Minuten\" \/>\n<script type=\"application\/ld+json\" class=\"yoast-schema-graph\">{\"@context\":\"https:\\\/\\\/schema.org\",\"@graph\":[{\"@type\":\"WebPage\",\"@id\":\"https:\\\/\\\/paragliding.olympicwings.com\\\/paragliding-holidays\\\/\",\"url\":\"https:\\\/\\\/paragliding.olympicwings.com\\\/paragliding-holidays\\\/\",\"name\":\"Fly Olympus - Paragliding Greece\",\"isPartOf\":{\"@id\":\"https:\\\/\\\/paragliding.olympicwings.com\\\/#website\"},\"datePublished\":\"2014-11-26T07:58:50+00:00\",\"dateModified\":\"2026-02-28T16:39:41+00:00\",\"description\":\"{:en}Fly Olympus 31.05. \u2013 07.06.2025, 18.10. \u2013 25.10. & 25.10. \u2013 01.11.2025. Olympic Wings is specialized in organizing flying holidays for paraglider pilots, also their family and friends. We fly across areas in Greece and sites at our home Mount Olympus that offer some of the \u2018Best Flying\u2019 in Europe. Flying with us doesn\u2019t only mean that we support the main services for your flying holiday. It means that on a daily basis we are with you. We do briefings on the days\u2019 flying locations and weather & flight conditions. {:el}Fly Olympus 09.05. - 16.05. & 06.06. - 13.06. & 10.09. - 17.09. & 04.10. - 11.10.2026. Olympic Wings is specialized in organizing flying holidays for paraglider pilots, also their family and friends. We fly across areas in Greece and sites at our home Mount Olympus that offer some of the \u2018Best Flying\u2019 in Europe. Flying with us doesn\u2019t only mean that we support the main services for your flying holiday. It means that on a daily basis we are with you. We do briefings on the days\u2019 flying locations and weather & flight conditions.{:}\",\"breadcrumb\":{\"@id\":\"https:\\\/\\\/paragliding.olympicwings.com\\\/paragliding-holidays\\\/#breadcrumb\"},\"inLanguage\":\"de\",\"potentialAction\":[{\"@type\":\"ReadAction\",\"target\":[\"https:\\\/\\\/paragliding.olympicwings.com\\\/paragliding-holidays\\\/\"]}]},{\"@type\":\"BreadcrumbList\",\"@id\":\"https:\\\/\\\/paragliding.olympicwings.com\\\/paragliding-holidays\\\/#breadcrumb\",\"itemListElement\":[{\"@type\":\"ListItem\",\"position\":1,\"name\":\"Home\",\"item\":\"https:\\\/\\\/paragliding.olympicwings.com\\\/\"},{\"@type\":\"ListItem\",\"position\":2,\"name\":\"Fly Olympus\"}]},{\"@type\":\"WebSite\",\"@id\":\"https:\\\/\\\/paragliding.olympicwings.com\\\/#website\",\"url\":\"https:\\\/\\\/paragliding.olympicwings.com\\\/\",\"name\":\"Paragliding Greece\",\"description\":\"Gleitschirmurlaub &amp; Seminare &amp; Tandemfl\u00fcge\",\"potentialAction\":[{\"@type\":\"SearchAction\",\"target\":{\"@type\":\"EntryPoint\",\"urlTemplate\":\"https:\\\/\\\/paragliding.olympicwings.com\\\/?s={search_term_string}\"},\"query-input\":{\"@type\":\"PropertyValueSpecification\",\"valueRequired\":true,\"valueName\":\"search_term_string\"}}],\"inLanguage\":\"de\"}]}<\/script>\n<!-- \/ Yoast SEO plugin. -->","yoast_head_json":{"title":"Fly Olympus - Paragliding Greece","description":"(English) Fly Olympus 31.05. \u2013 07.06.2025, 18.10. \u2013 25.10. & 25.10. \u2013 01.11.2025. Olympic Wings is specialized in organizing flying holidays for paraglider pilots, also their family and friends. We fly across areas in Greece and sites at our home Mount Olympus that offer some of the \u2018Best Flying\u2019 in Europe. Flying with us doesn\u2019t only mean that we support the main services for your flying holiday. It means that on a daily basis we are with you. We do briefings on the days\u2019 flying locations and weather & flight conditions.","robots":{"index":"index","follow":"follow","max-snippet":"max-snippet:-1","max-image-preview":"max-image-preview:large","max-video-preview":"max-video-preview:-1"},"canonical":"https:\/\/paragliding.olympicwings.com\/paragliding-holidays\/","og_locale":"de_DE","og_type":"article","og_title":"Paragliding Holidays at Mount Olympus","og_description":"Fly Olympus 09.05. - 16.05. & 06.06. - 13.06. & 10.09. - 17.09. & 04.10. - 11.10.2026 Olympic Wings is specialized in organizing flying holidays for paraglider pilots, also their family and friends. We fly across areas in Greece and sites at our home Mount Olympus that offer some of the \u2018Best Flying\u2019 in Europe. Flying with us doesn\u2019t only mean that we support the main services for your flying holiday. It means that on a daily basis we are with you. We do briefings on the days\u2019 flying locations and weather & flight conditions","og_url":"https:\/\/paragliding.olympicwings.com\/paragliding-holidays\/","og_site_name":"Paragliding Greece","article_publisher":"http:\/\/www.facebook.com\/olympicwingsparaglidingingreece","article_modified_time":"2026-02-28T16:39:41+00:00","og_image":[{"width":960,"height":720,"url":"http:\/\/paragliding.olympicwings.com\/wp-content\/uploads\/2024\/07\/Fly-Olympus-03.jpg","type":"image\/jpeg"}],"twitter_card":"summary_large_image","twitter_misc":{"Gesch\u00e4tzte Lesezeit":"4\u00a0Minuten"},"schema":{"@context":"https:\/\/schema.org","@graph":[{"@type":"WebPage","@id":"https:\/\/paragliding.olympicwings.com\/paragliding-holidays\/","url":"https:\/\/paragliding.olympicwings.com\/paragliding-holidays\/","name":"Fly Olympus - Paragliding Greece","isPartOf":{"@id":"https:\/\/paragliding.olympicwings.com\/#website"},"datePublished":"2014-11-26T07:58:50+00:00","dateModified":"2026-02-28T16:39:41+00:00","description":"{:en}Fly Olympus 31.05. \u2013 07.06.2025, 18.10. \u2013 25.10. & 25.10. \u2013 01.11.2025. Olympic Wings is specialized in organizing flying holidays for paraglider pilots, also their family and friends. We fly across areas in Greece and sites at our home Mount Olympus that offer some of the \u2018Best Flying\u2019 in Europe. Flying with us doesn\u2019t only mean that we support the main services for your flying holiday. It means that on a daily basis we are with you. We do briefings on the days\u2019 flying locations and weather & flight conditions. {:el}Fly Olympus 09.05. - 16.05. & 06.06. - 13.06. & 10.09. - 17.09. & 04.10. - 11.10.2026. Olympic Wings is specialized in organizing flying holidays for paraglider pilots, also their family and friends. We fly across areas in Greece and sites at our home Mount Olympus that offer some of the \u2018Best Flying\u2019 in Europe. Flying with us doesn\u2019t only mean that we support the main services for your flying holiday. It means that on a daily basis we are with you. We do briefings on the days\u2019 flying locations and weather & flight conditions.{:}","breadcrumb":{"@id":"https:\/\/paragliding.olympicwings.com\/paragliding-holidays\/#breadcrumb"},"inLanguage":"de","potentialAction":[{"@type":"ReadAction","target":["https:\/\/paragliding.olympicwings.com\/paragliding-holidays\/"]}]},{"@type":"BreadcrumbList","@id":"https:\/\/paragliding.olympicwings.com\/paragliding-holidays\/#breadcrumb","itemListElement":[{"@type":"ListItem","position":1,"name":"Home","item":"https:\/\/paragliding.olympicwings.com\/"},{"@type":"ListItem","position":2,"name":"Fly Olympus"}]},{"@type":"WebSite","@id":"https:\/\/paragliding.olympicwings.com\/#website","url":"https:\/\/paragliding.olympicwings.com\/","name":"Paragliding Greece","description":"Gleitschirmurlaub &amp; Seminare &amp; Tandemfl\u00fcge","potentialAction":[{"@type":"SearchAction","target":{"@type":"EntryPoint","urlTemplate":"https:\/\/paragliding.olympicwings.com\/?s={search_term_string}"},"query-input":{"@type":"PropertyValueSpecification","valueRequired":true,"valueName":"search_term_string"}}],"inLanguage":"de"}]}},"_links":{"self":[{"href":"https:\/\/paragliding.olympicwings.com\/de\/wp-json\/wp\/v2\/pages\/3989","targetHints":{"allow":["GET"]}}],"collection":[{"href":"https:\/\/paragliding.olympicwings.com\/de\/wp-json\/wp\/v2\/pages"}],"about":[{"href":"https:\/\/paragliding.olympicwings.com\/de\/wp-json\/wp\/v2\/types\/page"}],"author":[{"embeddable":true,"href":"https:\/\/paragliding.olympicwings.com\/de\/wp-json\/wp\/v2\/users\/9"}],"replies":[{"embeddable":true,"href":"https:\/\/paragliding.olympicwings.com\/de\/wp-json\/wp\/v2\/comments?post=3989"}],"version-history":[{"count":6,"href":"https:\/\/paragliding.olympicwings.com\/de\/wp-json\/wp\/v2\/pages\/3989\/revisions"}],"predecessor-version":[{"id":45391,"href":"https:\/\/paragliding.olympicwings.com\/de\/wp-json\/wp\/v2\/pages\/3989\/revisions\/45391"}],"wp:attachment":[{"href":"https:\/\/paragliding.olympicwings.com\/de\/wp-json\/wp\/v2\/media?parent=3989"}],"curies":[{"name":"wp","href":"https:\/\/api.w.org\/{rel}","templated":true}]}}