{"id":52,"date":"2010-02-05T13:27:03","date_gmt":"2010-02-05T10:27:03","guid":{"rendered":"http:\/\/paragliding.hellasbyfoot.com\/?page_id=52"},"modified":"2017-04-28T18:34:18","modified_gmt":"2017-04-28T15:34:18","slug":"terms-and-conditions","status":"publish","type":"page","link":"https:\/\/paragliding.olympicwings.com\/de\/paragliding-holidays-in-greece\/contact\/terms-and-conditions\/","title":{"rendered":"Reisebedingungen"},"content":{"rendered":"<p><\/p>\n<h4>Buchung<\/h4>\n<p>Sie k\u00f6nnen  Ihre Reise in jeglicher schriftlicher Form bei uns buchen, z.B. per  Email, Fax oder Post. Anfragen nehmen wir gerne auch telefonisch  entgegen, allerdings ben\u00f6tigen wir eine schriftliche Reservierung, um  unsererseits Reservierungen vorzunehmen.<\/p>\n<h4>Zahlungsweise<\/h4>\n<p>Der Rechnungspreis muss vor Beginn der Reise beglichen werden. Bei  Buchung ist eine Anzahlung von 30% des Gesamtbetrages f\u00e4llig, bitte bezahlen Sie diese innerhalb von 7 Tagen nach Erhalt der Rechnung. Der Restbetrag ist 21 Tage \tvor Anreise f\u00e4llig. Im Fall einer Last-Minute-Buchung  (ab 30 Tage vor Anreise) ist der Gesamtbetrag zum  Zeitpunkt der Buchung f\u00e4llig. Falls Sie diese Art  von Zahlungsweise aus bestimmten Gr\u00fcnden nicht einhalten k\u00f6nnen, wenden  Sie sich bitte an  einen zust\u00e4ndigen Mitarbeiter von Olympic Wings zur Abkl\u00e4rung einer m\u00f6glichen  anderen Zahlungsweise.<\/p>\n<h4>Stornierung<\/h4>\n<p>Im Falle einer Stronierung von Seiten des Reisenden werden folgende  Betr\u00e4ge als Stornogeb\u00fchren einbehalten:<\/p>\n<p>1 Monat vor Anreise &#8211; 10% des Reisepreises<\/p>\n<p>2 Wochen vor Anreise &#8211; 50% des Reisepreise<\/p>\n<p>1 Woche vor Anreise &#8211; 100% des Reisepreises<\/p>\n<h4>Sicherheit<\/h4>\n<p>Die  Sicherheit spielt die gr\u00f6sste Rolle bei Olympic Wings. F\u00fcr uns ist es  wichtig, dass unsere Mitarbeiter und unsere G\u00e4ste sicher und versichert  sind vor Unf\u00e4llen. Unsere Programme sind so gestaltet und ver\u00e4nderbar,  dass sie unsere G\u00e4ste nicht in Gefahr bringen. Unsere Reiseleiter sind  alle sehr erfahren und von uns pers\u00f6nlich gepr\u00fcft worden, so dass sie  unsere G\u00e4ste sicher \u00fcber die Berge f\u00fchren k\u00f6nnen.<\/p>\n<p><\/p>","protected":false},"excerpt":{"rendered":"<p>Buchung Sie k\u00f6nnen Ihre Reise in jeglicher schriftlicher Form bei uns buchen, z.B. per Email, Fax oder Post. Anfragen nehmen wir gerne auch telefonisch entgegen, allerdings ben\u00f6tigen wir eine schriftliche Reservierung, um unsererseits Reservierungen vorzunehmen. Zahlungsweise Der Rechnungspreis muss vor Beginn der Reise beglichen werden. Bei Buchung ist eine Anzahlung von 30% des Gesamtbetrages f\u00e4llig, [&hellip;]<\/p>\n","protected":false},"author":9,"featured_media":0,"parent":49,"menu_order":1,"comment_status":"closed","ping_status":"closed","template":"","meta":{"ngg_post_thumbnail":0,"footnotes":""},"class_list":["post-52","page","type-page","status-publish","hentry"],"yoast_head":"<!-- This site is optimized with the Yoast SEO plugin v27.3 - https:\/\/yoast.com\/product\/yoast-seo-wordpress\/ -->\n<title>Reisebedingungen - Paragliding Greece<\/title>\n<meta name=\"robots\" content=\"index, follow, max-snippet:-1, max-image-preview:large, max-video-preview:-1\" \/>\n<link rel=\"canonical\" href=\"https:\/\/paragliding.olympicwings.com\/paragliding-holidays-in-greece\/contact\/terms-and-conditions\/\" \/>\n<meta property=\"og:locale\" content=\"de_DE\" \/>\n<meta property=\"og:type\" content=\"article\" \/>\n<meta property=\"og:title\" content=\"Reisebedingungen - Paragliding Greece\" \/>\n<meta property=\"og:description\" content=\"Buchung Sie k\u00f6nnen Ihre Reise in jeglicher schriftlicher Form bei uns buchen, z.B. per Email, Fax oder Post. Anfragen nehmen wir gerne auch telefonisch entgegen, allerdings ben\u00f6tigen wir eine schriftliche Reservierung, um unsererseits Reservierungen vorzunehmen. Zahlungsweise Der Rechnungspreis muss vor Beginn der Reise beglichen werden. Bei Buchung ist eine Anzahlung von 30% des Gesamtbetrages f\u00e4llig, [&hellip;]\" \/>\n<meta property=\"og:url\" content=\"https:\/\/paragliding.olympicwings.com\/paragliding-holidays-in-greece\/contact\/terms-and-conditions\/\" \/>\n<meta property=\"og:site_name\" content=\"Paragliding Greece\" \/>\n<meta property=\"article:publisher\" content=\"http:\/\/www.facebook.com\/olympicwingsparaglidingingreece\" \/>\n<meta property=\"article:modified_time\" content=\"2017-04-28T15:34:18+00:00\" \/>\n<meta name=\"twitter:card\" content=\"summary_large_image\" \/>\n<meta name=\"twitter:label1\" content=\"Gesch\u00e4tzte Lesezeit\" \/>\n\t<meta name=\"twitter:data1\" content=\"5\u00a0Minuten\" \/>\n<script type=\"application\/ld+json\" class=\"yoast-schema-graph\">{\"@context\":\"https:\\\/\\\/schema.org\",\"@graph\":[{\"@type\":\"WebPage\",\"@id\":\"https:\\\/\\\/paragliding.olympicwings.com\\\/paragliding-holidays-in-greece\\\/contact\\\/terms-and-conditions\\\/\",\"url\":\"https:\\\/\\\/paragliding.olympicwings.com\\\/paragliding-holidays-in-greece\\\/contact\\\/terms-and-conditions\\\/\",\"name\":\"Reisebedingungen - Paragliding Greece\",\"isPartOf\":{\"@id\":\"https:\\\/\\\/paragliding.olympicwings.com\\\/#website\"},\"datePublished\":\"2010-02-05T10:27:03+00:00\",\"dateModified\":\"2017-04-28T15:34:18+00:00\",\"breadcrumb\":{\"@id\":\"https:\\\/\\\/paragliding.olympicwings.com\\\/paragliding-holidays-in-greece\\\/contact\\\/terms-and-conditions\\\/#breadcrumb\"},\"inLanguage\":\"de\",\"potentialAction\":[{\"@type\":\"ReadAction\",\"target\":[\"https:\\\/\\\/paragliding.olympicwings.com\\\/paragliding-holidays-in-greece\\\/contact\\\/terms-and-conditions\\\/\"]}]},{\"@type\":\"BreadcrumbList\",\"@id\":\"https:\\\/\\\/paragliding.olympicwings.com\\\/paragliding-holidays-in-greece\\\/contact\\\/terms-and-conditions\\\/#breadcrumb\",\"itemListElement\":[{\"@type\":\"ListItem\",\"position\":1,\"name\":\"Home\",\"item\":\"https:\\\/\\\/paragliding.olympicwings.com\\\/\"},{\"@type\":\"ListItem\",\"position\":2,\"name\":\"Olympic Wings\",\"item\":\"https:\\\/\\\/paragliding.olympicwings.com\\\/\"},{\"@type\":\"ListItem\",\"position\":3,\"name\":\"[:en]Contact us[:el]\u0395\u03c0\u03b9\u03ba\u03bf\u03b9\u03bd\u03c9\u03bd\u03af\u03b1[:ru]\u041a\u043e\u043d\u0442\u0430\u043a\u0442\u044b[:de]Kontakt[:]\",\"item\":\"https:\\\/\\\/paragliding.olympicwings.com\\\/paragliding-holidays-in-greece\\\/contact\\\/\"},{\"@type\":\"ListItem\",\"position\":4,\"name\":\"Terms and Conditions\"}]},{\"@type\":\"WebSite\",\"@id\":\"https:\\\/\\\/paragliding.olympicwings.com\\\/#website\",\"url\":\"https:\\\/\\\/paragliding.olympicwings.com\\\/\",\"name\":\"Paragliding Greece\",\"description\":\"Gleitschirmurlaub &amp; Seminare &amp; Tandemfl\u00fcge\",\"potentialAction\":[{\"@type\":\"SearchAction\",\"target\":{\"@type\":\"EntryPoint\",\"urlTemplate\":\"https:\\\/\\\/paragliding.olympicwings.com\\\/?s={search_term_string}\"},\"query-input\":{\"@type\":\"PropertyValueSpecification\",\"valueRequired\":true,\"valueName\":\"search_term_string\"}}],\"inLanguage\":\"de\"}]}<\/script>\n<!-- \/ Yoast SEO plugin. -->","yoast_head_json":{"title":"Reisebedingungen - Paragliding Greece","robots":{"index":"index","follow":"follow","max-snippet":"max-snippet:-1","max-image-preview":"max-image-preview:large","max-video-preview":"max-video-preview:-1"},"canonical":"https:\/\/paragliding.olympicwings.com\/paragliding-holidays-in-greece\/contact\/terms-and-conditions\/","og_locale":"de_DE","og_type":"article","og_title":"Reisebedingungen - Paragliding Greece","og_description":"Buchung Sie k\u00f6nnen Ihre Reise in jeglicher schriftlicher Form bei uns buchen, z.B. per Email, Fax oder Post. Anfragen nehmen wir gerne auch telefonisch entgegen, allerdings ben\u00f6tigen wir eine schriftliche Reservierung, um unsererseits Reservierungen vorzunehmen. Zahlungsweise Der Rechnungspreis muss vor Beginn der Reise beglichen werden. Bei Buchung ist eine Anzahlung von 30% des Gesamtbetrages f\u00e4llig, [&hellip;]","og_url":"https:\/\/paragliding.olympicwings.com\/paragliding-holidays-in-greece\/contact\/terms-and-conditions\/","og_site_name":"Paragliding Greece","article_publisher":"http:\/\/www.facebook.com\/olympicwingsparaglidingingreece","article_modified_time":"2017-04-28T15:34:18+00:00","twitter_card":"summary_large_image","twitter_misc":{"Gesch\u00e4tzte Lesezeit":"5\u00a0Minuten"},"schema":{"@context":"https:\/\/schema.org","@graph":[{"@type":"WebPage","@id":"https:\/\/paragliding.olympicwings.com\/paragliding-holidays-in-greece\/contact\/terms-and-conditions\/","url":"https:\/\/paragliding.olympicwings.com\/paragliding-holidays-in-greece\/contact\/terms-and-conditions\/","name":"Reisebedingungen - Paragliding Greece","isPartOf":{"@id":"https:\/\/paragliding.olympicwings.com\/#website"},"datePublished":"2010-02-05T10:27:03+00:00","dateModified":"2017-04-28T15:34:18+00:00","breadcrumb":{"@id":"https:\/\/paragliding.olympicwings.com\/paragliding-holidays-in-greece\/contact\/terms-and-conditions\/#breadcrumb"},"inLanguage":"de","potentialAction":[{"@type":"ReadAction","target":["https:\/\/paragliding.olympicwings.com\/paragliding-holidays-in-greece\/contact\/terms-and-conditions\/"]}]},{"@type":"BreadcrumbList","@id":"https:\/\/paragliding.olympicwings.com\/paragliding-holidays-in-greece\/contact\/terms-and-conditions\/#breadcrumb","itemListElement":[{"@type":"ListItem","position":1,"name":"Home","item":"https:\/\/paragliding.olympicwings.com\/"},{"@type":"ListItem","position":2,"name":"Olympic Wings","item":"https:\/\/paragliding.olympicwings.com\/"},{"@type":"ListItem","position":3,"name":"[:en]Contact us[:el]\u0395\u03c0\u03b9\u03ba\u03bf\u03b9\u03bd\u03c9\u03bd\u03af\u03b1[:ru]\u041a\u043e\u043d\u0442\u0430\u043a\u0442\u044b[:de]Kontakt[:]","item":"https:\/\/paragliding.olympicwings.com\/paragliding-holidays-in-greece\/contact\/"},{"@type":"ListItem","position":4,"name":"Terms and Conditions"}]},{"@type":"WebSite","@id":"https:\/\/paragliding.olympicwings.com\/#website","url":"https:\/\/paragliding.olympicwings.com\/","name":"Paragliding Greece","description":"Gleitschirmurlaub &amp; Seminare &amp; Tandemfl\u00fcge","potentialAction":[{"@type":"SearchAction","target":{"@type":"EntryPoint","urlTemplate":"https:\/\/paragliding.olympicwings.com\/?s={search_term_string}"},"query-input":{"@type":"PropertyValueSpecification","valueRequired":true,"valueName":"search_term_string"}}],"inLanguage":"de"}]}},"_links":{"self":[{"href":"https:\/\/paragliding.olympicwings.com\/de\/wp-json\/wp\/v2\/pages\/52","targetHints":{"allow":["GET"]}}],"collection":[{"href":"https:\/\/paragliding.olympicwings.com\/de\/wp-json\/wp\/v2\/pages"}],"about":[{"href":"https:\/\/paragliding.olympicwings.com\/de\/wp-json\/wp\/v2\/types\/page"}],"author":[{"embeddable":true,"href":"https:\/\/paragliding.olympicwings.com\/de\/wp-json\/wp\/v2\/users\/9"}],"replies":[{"embeddable":true,"href":"https:\/\/paragliding.olympicwings.com\/de\/wp-json\/wp\/v2\/comments?post=52"}],"version-history":[{"count":0,"href":"https:\/\/paragliding.olympicwings.com\/de\/wp-json\/wp\/v2\/pages\/52\/revisions"}],"up":[{"embeddable":true,"href":"https:\/\/paragliding.olympicwings.com\/de\/wp-json\/wp\/v2\/pages\/49"}],"wp:attachment":[{"href":"https:\/\/paragliding.olympicwings.com\/de\/wp-json\/wp\/v2\/media?parent=52"}],"curies":[{"name":"wp","href":"https:\/\/api.w.org\/{rel}","templated":true}]}}