{"id":923,"date":"2011-04-07T20:52:42","date_gmt":"2011-04-07T18:52:42","guid":{"rendered":"http:\/\/paragliding.olympicwings.com\/?page_id=923"},"modified":"2024-06-13T09:31:04","modified_gmt":"2024-06-13T06:31:04","slug":"paragliding-holidays-in-greece","status":"publish","type":"page","link":"https:\/\/paragliding.olympicwings.com\/de\/","title":{"rendered":"Olympic Wings"},"content":{"rendered":"<p><\/p>\n<p>&nbsp;<\/p>\nngg_shortcode_26_placeholder\n<p><strong>Olympic Wings<\/strong> wurde 1995 im Ort Neos Panteleimonas direkt am Fu\u00dfe des Olymp gegr\u00fcndet und ist ein professionell geleitetes Gleitschirmflugzentrum. Seit vielen Jahren haben wir uns auf die Organisation von Flugurlaub in ganz Griechenland f\u00fcr Gleitschirmpiloten spezialisiert.<\/p>\n<p>&nbsp;<\/p>\n<p>&nbsp;<\/p>\n<p>Olympic Wings ist ein <strong>voll lizenzierter Reiseveranstalter,<\/strong> zugelassen vom Griechischen Tourismusverband <strong>EOT<\/strong>, wir organisieren und buchen alle touristischen Leistungen f\u00fcr euren Urlaub &#8211; ihr k\u00f6nnt einfach nur <strong>entspannen, geniessen und fliegen!<\/strong><\/p>\n<p>&nbsp;<\/p>\n<h4>Unser Team<\/h4>\nngg_shortcode_27_placeholder\n<p>&nbsp;<\/p>\n<h5 style=\"text-align: center;\">Kommt &amp; fliegt mit uns!<\/h5>\n<p>&nbsp;<\/p>\nngg_shortcode_28_placeholder\n<p>&nbsp;<\/p>\n<p>&nbsp;<\/p>\n<p>&nbsp;<\/p>\n<p><strong>Stelios<\/strong>, der Gr\u00fcnder von Olympic Wings, ist ein qualifizierter und zertifizierter FAI Gleitschirmlehrer mit langj\u00e4hriger Erfahrung und fr\u00fcherer Wettkampfpilot. Er ist APPI Master Instructor und Mitglied des p\u00e4dagogischen APPI Komitees. Er ist bekannt f\u00fcr seine besonderen Kenntnisse der lokalen Klima- und Flugbedingungen. Er studierte Wirtschaftswissenschaften in Bath UK und ist staatlich gepr\u00fcfter Gesch\u00e4ftsf\u00fchrer im Reiseveranstalterbereich mit umfassender Erfahrung in der Tourismusbranche.<\/p>\n<p>&nbsp;<\/p>\n<p>&nbsp;<\/p>\n<p>&nbsp;<\/p>\n<p>&nbsp;<\/p>\n<p>&nbsp;<\/p>\nngg_shortcode_29_placeholder\n<p>&nbsp;<\/p>\n<p>&nbsp;<\/p>\n<p>&nbsp;<\/p>\n<p>&nbsp;<\/p>\n<p><strong>Claudia<\/strong> ist APPI Fluglehrerin und APPI pro Tandempilotin, DHV Tandempilotin mit B-Schein und ist von ELAO lizenziert als Pilotin und Tandempilotin. Sie begann mit dem Gleitschirmfliegen 1991 in Deutschland. W\u00e4hrend ihres Chemiestudiums an der Universit\u00e4t Freiburg flog sie in den Alpen, Frankreich, Spanien, \u00d6sterreich, Schweiz und Italien. Seit 1995 arbeitet sie f\u00fcr Olympic Wings. Mit ihrer Ausbildung zur Reiseverkehrskauffrau bringt sie die idealen Voraussetzungen f\u00fcr das Reiseveranstalter-Management von Olympic Wings mit. Sie spricht fliessend Deutsch, Englisch und Griechisch.<\/p>\n<p>&nbsp;<\/p>\n<p>&nbsp;<\/p>\n<p>&nbsp;<\/p>\n<p>&nbsp;<\/p>\n<p>&nbsp;<\/p>\nngg_shortcode_30_placeholder\n<p>&nbsp;<\/p>\n<p>&nbsp;<\/p>\n<p>&nbsp;<\/p>\n<p>&nbsp;<\/p>\n<p>&nbsp;<\/p>\n<p><strong>Katerina<\/strong> ist Gleitschirmpilotin und von Kindheit an mit Olympic Wings vertraut. Sie fliegt Tandem seit sie 7 Jahre alt ist. Katerina studierte Tourismus und hat Berufserfahrung in den Bereichen Tourismus, internationalem Handel und Logistik. Sie ist billingual aufgewachsen, spricht fliessend Griechisch und English, auch Deutsch und un peu de francais!<\/p>\n<p>&nbsp;<\/p>\n<p>&nbsp;<\/p>\n<p>&nbsp;<\/p>\n<p>&nbsp;<\/p>\n<p>&nbsp;<\/p>\n<p>&nbsp;<\/p>\n<p>&nbsp;<\/p>\n<p>&nbsp;<\/p>\n<p>&nbsp;<\/p>\nngg_shortcode_31_placeholder\n<p>&nbsp;<\/p>\n<p><strong>Jun<\/strong> began in 2004 mit dem Gleitschirmfliegen, in 2006 &amp; 2007 lernte er mit David Arrufat \u2013 Flugschule Blue Sky in Pokhara Nepal.<br \/>\n\u2013 2009 \u2013 2012 Teilnahme an XC Wettbewerben, PWC und Asian Championship. \u2013 2012 Gleitschirmfluglehrer, von der Aero Sports Federation of China (ASFC) zertifiziert. \u2013 2015 Paramotorfluglehrer, zertifiziert von ASFC. \u2013 seit 2013 Team Coach des Gleitschirm- und Paramotor-Teams China. \u2013 seit 2014 APPI Pro Tandem Pilot. \u2013 seit 2019 Fortbildung und Besch\u00e4ftigung bei Olympic Wings in Griechenland. \u2013 2019 APPI Fluglehrer. Mitglied des APPI Repr\u00e4sentanten-Komitees. \u00dcber 300 Flugsch\u00fcler haben mit Jun das Fliegen sicher erlernt. Er ist bereits in den meisten Chinesischen Fluggebieten geflogen und auch in vielen f\u00fcrs Gleitschirmfliegen ber\u00fchmten Gegenden weltweit, wie z.B. in den Franz\u00f6sischen Alpen. Er setzt sich nicht nur im Bereich der Ausbildung ein, sondern bewirbt unseren Sport weltweit durch die Organisation von Wettbewerben, wobei er auch seine p\u00e4dagogischen Kenntnisse praktizieren und einsetzen kann.<br \/>\nEr hat einen Bachelor-Abschluss in Franz\u00f6sischer Literatur und einen Master in Psychologie und P\u00e4dagogik.<br \/>\nJun Zhang kommt aus China und spricht und unterrichtet in Mandarin und Kantonesisch, flie\u00dfend English und Franz\u00f6sisch.<\/p>\n<p>&nbsp;<\/p>\n<p>&nbsp;<\/p>\n<p>&nbsp;<\/p>\n<p>&nbsp;<\/p>\n<p>&nbsp;<\/p>\nngg_shortcode_32_placeholder\n<p>&nbsp;<\/p>\n<p><strong>Jean Paul<\/strong> ist Flugguide in unserem Team. Er spricht Deutsch, Englisch und Franz\u00f6sisch. Er ist ein sehr erfahrener Pilot und Tandempilot und ist schon oft und immer wieder bei uns in ganz Griechenland zum Fliegen gewesen, vom Anfang von Olympic Wings an. Er kennt sich sehr gut in den verschiedensten Fluggebieten in ganz Griechenland aus und kennt unsere Organisation und Reiseabl\u00e4ufe.<br \/>\nJean-Paul Siuda kommt aus Luxemburg und fliegt seit 2000, er ist Gr\u00fcndungsmitglied des Flugvereins von Luxemburg und fliegt in vielen verschiedenen L\u00e4ndern wie S\u00fcdafrika, La Reunion, Korsika, Lombok, Teneriffa, Alpen, Italien, Spanien, Frankreich und Griechenland.<\/p>\n<p>&nbsp;<\/p>\n<p>&nbsp;<\/p>\n<h5 style=\"text-align: center;\">Unsere Philosophie ist <br \/>\n&#8222;FLIEG HOCH \u2013 FLIEG SICHER und LANDE IMMER SANFT&#8220;!<\/h5>\n<p>&nbsp;<\/p>\n<h4>Griechenland &amp; das Olympgebirge<\/h4>\n<p><br class=\"spacer_\"><br \/>\nngg_shortcode_33_placeholder<strong>Griechenland ist ein traditionelles Urlaubsland<\/strong>, bekannt f\u00fcr endlose Str\u00e4nde, tausende Inseln, historische St\u00e4tten, einen faszinierenden <strong>Lebensstil<\/strong> und die schmackhafte <strong>Griechische K\u00fcche<\/strong>.<\/p>\n<p>&nbsp;<\/p>\n<p>Die <strong>einmalige Natur und Landschaften<\/strong>, die dieses Land bietet, kann man am besten aus Luft entdecken. Wir zeigen euch verschiedene Fluggebiete in den h\u00f6chsten Gebirgen Griechenlands und auch herrliche Startpl\u00e4tze direkt am Meer.<\/p>\n<p>&nbsp;<\/p>\n<p><br class=\"spacer_\"><br \/>\nEin weiteres Thema, das uns sehr am Herzen liegt, ist der Erhalt unserer <strong>Natur, Umwelt<\/strong> und den <strong>reichhaltigen Traditionen und Kultur<\/strong> unserer Gegend. Wir hoffen, euer Augenmerk auf die <strong>Natursch\u00f6nheiten<\/strong> unserer Region lenken zu k\u00f6nnen.<\/p>\n<p>&nbsp;<\/p>\n<p>&nbsp;<\/p>\n<p>&nbsp;<\/p>\n<p>&nbsp;<\/p>\n<p>ngg_shortcode_34_placeholder<br \/>\n<strong>Der Olymp, das Ossa- und Pieriagebirge<\/strong> liegen direkt am \u00c4g\u00e4ischen Meer ca. 100 km s\u00fcdlich von Thessaloniki, der zweitgr\u00f6\u00dften Stadt Griechenlands.<\/p>\n<p><br class=\"spacer_\"><br \/>\nDer <strong>h\u00f6chste Gipfel<\/strong> des Olympmassiv und Sitz der griechischen G\u00f6tter erhebt sich mit <strong>2918 m <\/strong>aus der K\u00fcstenebene empor. Der imposante Gegensatz zwischen Bergen und Meer hat Landschaften und <strong>Mikroklimazonen<\/strong> entstehen lassen, die Naturliebhaber faszinieren.<\/p>\n<p>&nbsp;<\/p>\n<p>Fluganf\u00e4nger und erfahrene Piloten finden hier aufgrund der landschaftlichen und klimatischen Besonderheiten eins der <strong>besten Fluggebiete Europas<\/strong>.<\/p>\n<p>&nbsp;<\/p>\n<p>&nbsp;<\/p>\n<p>&nbsp;<\/p>\n<p>&nbsp;<\/p>\n<h5 style=\"text-align: center;\">Wir m\u00f6chten euch einladen, euren Flugurlaub mit uns zu verbringen,<br \/>\neure Thermik-, Strecken- oder Tandemflugtechnik zu verfeinern,<br \/>\ndie Griechische Gastfreundschaft zu geniessen und viel Spa\u00df zu haben!<\/h5>\n<p>&nbsp;<\/p>\n<h4><a href=\"http:\/\/paragliding.olympicwings.com\/de\/paragliding-holidays\">Gleitschirmurlaub<\/a>ngg_shortcode_35_placeholder<\/h4>\n<p>&nbsp;<\/p>\n<p>Ihr fliegt mit uns \u00fcber den <strong>faszinierenden G\u00f6tterberg Olymp<\/strong> und landet an den bezaubernden <strong>Str\u00e4nden der Olympischen Riviera<\/strong>, wobei Ihr die Sch\u00f6nheit der Natur aus der Vogelperspektive betrachten k\u00f6nnt.<\/p>\n<p>&nbsp;<\/p>\n<p>Unsere <strong>Fluglehrer<\/strong> unterst\u00fctzen Euch tatkr\u00e4ftig beim Fliegen und k\u00fcmmern sich um Eure Sicherheit, so dass Ihr Euch ganz aufs Fliegen konzentrieren k\u00f6nnt.<\/p>\n<p>&nbsp;<\/p>\n<p>Ihr werdet in <strong>freundlichen Familienhotels<\/strong> oder in <strong>Luxusresorts<\/strong> mit freundlichen Gastgebern und ausgezeichnetem Service \u00fcbernachten.<\/p>\n<p>&nbsp;<\/p>\n<p><strong>Das ganze Jahr \u00fcber<\/strong> besuchen uns Gleitschirmflugschulen, Vereine, Gruppen von Freunden und individuelle Piloten zum Fliegen, aus der ganzen Welt.<\/p>\n<p>&nbsp;<\/p>\n<p>Wir fliegen von \u00fcber <strong>15 verschiedenen Startpl\u00e4tzen<\/strong> in der Region des Olympgebirges und k\u00f6nnen daher optimal auf die Wind- und Wetterbedingungen eingehen und t\u00e4glich die passenden Fluggebiete ausw\u00e4hlen.<\/p>\n<p>&nbsp;<\/p>\n<p>&nbsp;<\/p>\n<p>&nbsp;<\/p>\n<h4><a href=\"http:\/\/paragliding.olympicwings.com\/de\/flying-safari\">Flugrundreisen<\/a><\/h4>\n<h4>ngg_shortcode_36_placeholder<\/h4>\n<p>Wir planen den Reiseverlauf unserer <strong>Flugrundreisen flexibel<\/strong> und <strong>kombinieren zwei oder drei Regionen Griechenlands<\/strong>, je nach Urlaubsdauer und den t\u00e4glichen Wetterbedingungen mit wechselnden Unterk\u00fcnften in direkter N\u00e4he der Fluggebiete.<\/p>\n<p><br class=\"spacer_\"><br \/>\nIn <strong>S\u00fcdgriechenland<\/strong> fliegen wir auf der Halbinsel Peloponnes und in der Umgebung von Agrinion mit Embessos, Mesolongi, Varassova und Attiki, <strong>Westgriechenland<\/strong> bietet gro\u00dfartige Fl\u00fcge im Pindosgebirge und der Insel Lefkas.<\/p>\n<p>&nbsp;<\/p>\n<p>\nIn <strong>Nordgriechenland<\/strong> besuchen wir das Falakrogebirge bei Drama, den Olymp und Kaimaktsalan bei Edessa, <strong>Zentralgriechenland<\/strong> bietet Fl\u00fcge \u00fcber Delphi mit seinem Orakel, Amfiklia am Parnassosgebirge und Mouzaki bei den ber\u00fchmten Meteora Kl\u00f6stern.<\/p>\n<p>&nbsp;<\/p>\n<p>&nbsp;<\/p>\n<p>&nbsp;<\/p>\n<h4><a href=\"http:\/\/paragliding.olympicwings.com\/de\/paragliding-holidays\/paramotor-holidays\">Paramotor Urlaub<br \/>\nngg_shortcode_37_placeholder<\/a><\/h4>\n<p>Olympic Wings organisiert f\u00fcr Motorpiloten \u2013 Freunde, Vereine und Schulen \u2013 <strong>Paramotor Urlaub in Griechenland<\/strong>.<\/p>\n<p>&nbsp;<\/p>\n<p>Geniesst das entspannte Fliegen an den <strong>endlosen K\u00fcsten der Olympischen Riviera<\/strong> entlang.<\/p>\n<p>&nbsp;<\/p>\n<p><strong>Impossante Aussichten<\/strong> von den Str\u00e4nden der \u00c4g\u00e4is zum Gebirge des Olymp mit seinen h\u00f6chsten Gipfeln, fliegt um die Burg von Platamonas und \u00fcber das Delta des Flusses Pinios.<\/p>\n<p>&nbsp;<\/p>\n<p>Verfeinert eure <strong>technischen F\u00e4higkeiten<\/strong> mit einfachen Start- und Landebedingungen im laminaren Seewind.<\/p>\n<p>&nbsp;<\/p>\n<p>&nbsp;<\/p>\n<h5 style=\"text-align: center;\">*Impressionen*<\/h5>\n<p>&nbsp;<\/p>\n<p>ngg_shortcode_38_placeholder<\/p>","protected":false},"excerpt":{"rendered":"<p>&nbsp; Olympic Wings wurde 1995 im Ort Neos Panteleimonas direkt am Fu\u00dfe des Olymp gegr\u00fcndet und ist ein professionell geleitetes Gleitschirmflugzentrum. Seit vielen Jahren haben wir uns auf die Organisation von Flugurlaub in ganz Griechenland f\u00fcr Gleitschirmpiloten spezialisiert. &nbsp; &nbsp; Olympic Wings ist ein voll lizenzierter Reiseveranstalter, zugelassen vom Griechischen Tourismusverband EOT, wir organisieren und [&hellip;]<\/p>\n","protected":false},"author":9,"featured_media":0,"parent":0,"menu_order":1,"comment_status":"closed","ping_status":"open","template":"","meta":{"ngg_post_thumbnail":0,"footnotes":""},"class_list":["post-923","page","type-page","status-publish","hentry"],"yoast_head":"<!-- This site is optimized with the Yoast SEO plugin v27.4 - https:\/\/yoast.com\/product\/yoast-seo-wordpress\/ -->\n<title>Olympic Wings - Paragliding Greece<\/title>\n<meta name=\"description\" content=\"(English) Paragliding holidays Greece - fly with us at Mount Olympus, flying tours all over Greece, paragliding courses, XC seminars and tandem flights\" \/>\n<meta name=\"robots\" content=\"index, follow, max-snippet:-1, max-image-preview:large, max-video-preview:-1\" \/>\n<link rel=\"canonical\" href=\"https:\/\/paragliding.olympicwings.com\/\" \/>\n<meta property=\"og:locale\" content=\"de_DE\" \/>\n<meta property=\"og:type\" content=\"article\" \/>\n<meta property=\"og:title\" content=\"paragliding holidays in Greece - flying tours, tandem flights, paragliding courses\" \/>\n<meta property=\"og:description\" content=\"Paragliding holidays Greece - fly with us at Mount Olympus, flying tours all over Greece, paragliding courses, XC seminars and tandem flights\" \/>\n<meta property=\"og:url\" content=\"https:\/\/paragliding.olympicwings.com\/\" \/>\n<meta property=\"og:site_name\" content=\"Paragliding Greece\" \/>\n<meta property=\"article:publisher\" content=\"http:\/\/www.facebook.com\/olympicwingsparaglidingingreece\" \/>\n<meta property=\"article:modified_time\" content=\"2024-06-13T06:31:04+00:00\" \/>\n<meta property=\"og:image\" content=\"https:\/\/paragliding.olympicwings.com\/wp-content\/uploads\/2021\/10\/242752349_2929371490610332_4675660361836162685_n.jpg\" \/>\n\t<meta property=\"og:image:width\" content=\"960\" \/>\n\t<meta property=\"og:image:height\" content=\"540\" \/>\n\t<meta property=\"og:image:type\" content=\"image\/jpeg\" \/>\n<meta name=\"twitter:card\" content=\"summary_large_image\" \/>\n<meta name=\"twitter:label1\" content=\"Gesch\u00e4tzte Lesezeit\" \/>\n\t<meta name=\"twitter:data1\" content=\"6\u00a0Minuten\" \/>\n<script type=\"application\/ld+json\" class=\"yoast-schema-graph\">{\"@context\":\"https:\\\/\\\/schema.org\",\"@graph\":[{\"@type\":\"WebPage\",\"@id\":\"https:\\\/\\\/paragliding.olympicwings.com\\\/\",\"url\":\"https:\\\/\\\/paragliding.olympicwings.com\\\/\",\"name\":\"Olympic Wings - Paragliding Greece\",\"isPartOf\":{\"@id\":\"https:\\\/\\\/paragliding.olympicwings.com\\\/#website\"},\"datePublished\":\"2011-04-07T18:52:42+00:00\",\"dateModified\":\"2024-06-13T06:31:04+00:00\",\"description\":\"{:en}Paragliding holidays Greece - fly with us at Mount Olympus, flying tours all over Greece, paragliding courses, XC seminars and tandem flights{:}\",\"breadcrumb\":{\"@id\":\"https:\\\/\\\/paragliding.olympicwings.com\\\/#breadcrumb\"},\"inLanguage\":\"de\",\"potentialAction\":[{\"@type\":\"ReadAction\",\"target\":[\"https:\\\/\\\/paragliding.olympicwings.com\\\/\"]}]},{\"@type\":\"BreadcrumbList\",\"@id\":\"https:\\\/\\\/paragliding.olympicwings.com\\\/#breadcrumb\",\"itemListElement\":[{\"@type\":\"ListItem\",\"position\":1,\"name\":\"Home\",\"item\":\"https:\\\/\\\/paragliding.olympicwings.com\\\/\"},{\"@type\":\"ListItem\",\"position\":2,\"name\":\"Olympic Wings\"}]},{\"@type\":\"WebSite\",\"@id\":\"https:\\\/\\\/paragliding.olympicwings.com\\\/#website\",\"url\":\"https:\\\/\\\/paragliding.olympicwings.com\\\/\",\"name\":\"Paragliding Greece\",\"description\":\"Gleitschirmurlaub &amp; Seminare &amp; Tandemfl\u00fcge\",\"potentialAction\":[{\"@type\":\"SearchAction\",\"target\":{\"@type\":\"EntryPoint\",\"urlTemplate\":\"https:\\\/\\\/paragliding.olympicwings.com\\\/?s={search_term_string}\"},\"query-input\":{\"@type\":\"PropertyValueSpecification\",\"valueRequired\":true,\"valueName\":\"search_term_string\"}}],\"inLanguage\":\"de\"}]}<\/script>\n<!-- \/ Yoast SEO plugin. -->","yoast_head_json":{"title":"Olympic Wings - Paragliding Greece","description":"(English) Paragliding holidays Greece - fly with us at Mount Olympus, flying tours all over Greece, paragliding courses, XC seminars and tandem flights","robots":{"index":"index","follow":"follow","max-snippet":"max-snippet:-1","max-image-preview":"max-image-preview:large","max-video-preview":"max-video-preview:-1"},"canonical":"https:\/\/paragliding.olympicwings.com\/","og_locale":"de_DE","og_type":"article","og_title":"paragliding holidays in Greece - flying tours, tandem flights, paragliding courses","og_description":"Paragliding holidays Greece - fly with us at Mount Olympus, flying tours all over Greece, paragliding courses, XC seminars and tandem flights","og_url":"https:\/\/paragliding.olympicwings.com\/","og_site_name":"Paragliding Greece","article_publisher":"http:\/\/www.facebook.com\/olympicwingsparaglidingingreece","article_modified_time":"2024-06-13T06:31:04+00:00","og_image":[{"width":960,"height":540,"url":"https:\/\/paragliding.olympicwings.com\/wp-content\/uploads\/2021\/10\/242752349_2929371490610332_4675660361836162685_n.jpg","type":"image\/jpeg"}],"twitter_card":"summary_large_image","twitter_misc":{"Gesch\u00e4tzte Lesezeit":"6\u00a0Minuten"},"schema":{"@context":"https:\/\/schema.org","@graph":[{"@type":"WebPage","@id":"https:\/\/paragliding.olympicwings.com\/","url":"https:\/\/paragliding.olympicwings.com\/","name":"Olympic Wings - Paragliding Greece","isPartOf":{"@id":"https:\/\/paragliding.olympicwings.com\/#website"},"datePublished":"2011-04-07T18:52:42+00:00","dateModified":"2024-06-13T06:31:04+00:00","description":"{:en}Paragliding holidays Greece - fly with us at Mount Olympus, flying tours all over Greece, paragliding courses, XC seminars and tandem flights{:}","breadcrumb":{"@id":"https:\/\/paragliding.olympicwings.com\/#breadcrumb"},"inLanguage":"de","potentialAction":[{"@type":"ReadAction","target":["https:\/\/paragliding.olympicwings.com\/"]}]},{"@type":"BreadcrumbList","@id":"https:\/\/paragliding.olympicwings.com\/#breadcrumb","itemListElement":[{"@type":"ListItem","position":1,"name":"Home","item":"https:\/\/paragliding.olympicwings.com\/"},{"@type":"ListItem","position":2,"name":"Olympic Wings"}]},{"@type":"WebSite","@id":"https:\/\/paragliding.olympicwings.com\/#website","url":"https:\/\/paragliding.olympicwings.com\/","name":"Paragliding Greece","description":"Gleitschirmurlaub &amp; Seminare &amp; Tandemfl\u00fcge","potentialAction":[{"@type":"SearchAction","target":{"@type":"EntryPoint","urlTemplate":"https:\/\/paragliding.olympicwings.com\/?s={search_term_string}"},"query-input":{"@type":"PropertyValueSpecification","valueRequired":true,"valueName":"search_term_string"}}],"inLanguage":"de"}]}},"_links":{"self":[{"href":"https:\/\/paragliding.olympicwings.com\/de\/wp-json\/wp\/v2\/pages\/923","targetHints":{"allow":["GET"]}}],"collection":[{"href":"https:\/\/paragliding.olympicwings.com\/de\/wp-json\/wp\/v2\/pages"}],"about":[{"href":"https:\/\/paragliding.olympicwings.com\/de\/wp-json\/wp\/v2\/types\/page"}],"author":[{"embeddable":true,"href":"https:\/\/paragliding.olympicwings.com\/de\/wp-json\/wp\/v2\/users\/9"}],"replies":[{"embeddable":true,"href":"https:\/\/paragliding.olympicwings.com\/de\/wp-json\/wp\/v2\/comments?post=923"}],"version-history":[{"count":7,"href":"https:\/\/paragliding.olympicwings.com\/de\/wp-json\/wp\/v2\/pages\/923\/revisions"}],"predecessor-version":[{"id":45235,"href":"https:\/\/paragliding.olympicwings.com\/de\/wp-json\/wp\/v2\/pages\/923\/revisions\/45235"}],"wp:attachment":[{"href":"https:\/\/paragliding.olympicwings.com\/de\/wp-json\/wp\/v2\/media?parent=923"}],"curies":[{"name":"wp","href":"https:\/\/api.w.org\/{rel}","templated":true}]}}